{"id":681,"date":"2012-10-06T20:22:34","date_gmt":"2012-10-07T00:22:34","guid":{"rendered":"http:\/\/irondad.fr\/wordpress\/?page_id=681"},"modified":"2021-04-26T15:00:05","modified_gmt":"2021-04-26T19:00:05","slug":"monoski-skwal","status":"publish","type":"page","link":"https:\/\/irondad.fr\/?page_id=681","title":{"rendered":"Monoski &#038; Skwal"},"content":{"rendered":"<h2>L\u00e0, tout n&#8217;est qu&#8217;ordre et beaut\u00e9, Luxe, calme et volupt\u00e9<\/h2>\n<p><a href=\"http:\/\/irondad.fr\/?attachment_id=2918\" rel=\"attachment wp-att-2918\"><img loading=\"lazy\" decoding=\"async\" class=\"alignnone  wp-image-2918\" src=\"http:\/\/irondad.fr\/wordpress\/wp-content\/uploads\/2021\/04\/img_4791_original-768x1024.jpg\" alt=\"\" width=\"404\" height=\"538\" srcset=\"https:\/\/irondad.fr\/wordpress\/wp-content\/uploads\/2021\/04\/img_4791_original-768x1024.jpg 768w, https:\/\/irondad.fr\/wordpress\/wp-content\/uploads\/2021\/04\/img_4791_original-225x300.jpg 225w, https:\/\/irondad.fr\/wordpress\/wp-content\/uploads\/2021\/04\/img_4791_original-1152x1536.jpg 1152w, https:\/\/irondad.fr\/wordpress\/wp-content\/uploads\/2021\/04\/img_4791_original.jpg 1200w\" sizes=\"(max-width: 404px) 100vw, 404px\" \/><\/a> <a href=\"http:\/\/irondad.fr\/?attachment_id=2921\" rel=\"attachment wp-att-2921\"><img loading=\"lazy\" decoding=\"async\" class=\"alignnone  wp-image-2921\" src=\"http:\/\/irondad.fr\/wordpress\/wp-content\/uploads\/2021\/04\/img_4800_original-768x1024.jpg\" alt=\"\" width=\"405\" height=\"540\" srcset=\"https:\/\/irondad.fr\/wordpress\/wp-content\/uploads\/2021\/04\/img_4800_original-768x1024.jpg 768w, https:\/\/irondad.fr\/wordpress\/wp-content\/uploads\/2021\/04\/img_4800_original-225x300.jpg 225w, https:\/\/irondad.fr\/wordpress\/wp-content\/uploads\/2021\/04\/img_4800_original-1152x1536.jpg 1152w, https:\/\/irondad.fr\/wordpress\/wp-content\/uploads\/2021\/04\/img_4800_original.jpg 1200w\" sizes=\"(max-width: 405px) 100vw, 405px\" \/><\/a><\/p>\n<p><a href=\"http:\/\/irondad.fr\/?attachment_id=2602\" rel=\"attachment wp-att-2602\"><img loading=\"lazy\" decoding=\"async\" class=\"alignnone  wp-image-2602\" src=\"http:\/\/irondad.fr\/wordpress\/wp-content\/uploads\/2019\/01\/img_9761-893x1024.jpg\" alt=\"\" width=\"403\" height=\"463\" srcset=\"https:\/\/irondad.fr\/wordpress\/wp-content\/uploads\/2019\/01\/img_9761-893x1024.jpg 893w, https:\/\/irondad.fr\/wordpress\/wp-content\/uploads\/2019\/01\/img_9761-261x300.jpg 261w\" sizes=\"(max-width: 403px) 100vw, 403px\" \/><\/a> <a href=\"http:\/\/irondad.fr\/?attachment_id=2593\" rel=\"attachment wp-att-2593\"><img loading=\"lazy\" decoding=\"async\" class=\"alignnone  wp-image-2593\" src=\"http:\/\/irondad.fr\/wordpress\/wp-content\/uploads\/2019\/01\/img_9757-1024x1024.jpg\" alt=\"\" width=\"407\" height=\"407\" srcset=\"https:\/\/irondad.fr\/wordpress\/wp-content\/uploads\/2019\/01\/img_9757-1024x1024.jpg 1024w, https:\/\/irondad.fr\/wordpress\/wp-content\/uploads\/2019\/01\/img_9757-150x150.jpg 150w, https:\/\/irondad.fr\/wordpress\/wp-content\/uploads\/2019\/01\/img_9757-300x300.jpg 300w, https:\/\/irondad.fr\/wordpress\/wp-content\/uploads\/2019\/01\/img_9757.jpg 1522w\" sizes=\"(max-width: 407px) 100vw, 407px\" \/><\/a> <a href=\"http:\/\/irondad.fr\/?attachment_id=2413\" rel=\"attachment wp-att-2413\"><img loading=\"lazy\" decoding=\"async\" class=\"alignnone  wp-image-2413\" src=\"http:\/\/irondad.fr\/wordpress\/wp-content\/uploads\/2018\/02\/3d4ae069-aa65-47d3-8a24-cefed4c8dbf0-844x1024.jpg\" alt=\"\" width=\"390\" height=\"473\" srcset=\"https:\/\/irondad.fr\/wordpress\/wp-content\/uploads\/2018\/02\/3d4ae069-aa65-47d3-8a24-cefed4c8dbf0-844x1024.jpg 844w, https:\/\/irondad.fr\/wordpress\/wp-content\/uploads\/2018\/02\/3d4ae069-aa65-47d3-8a24-cefed4c8dbf0-247x300.jpg 247w, https:\/\/irondad.fr\/wordpress\/wp-content\/uploads\/2018\/02\/3d4ae069-aa65-47d3-8a24-cefed4c8dbf0.jpg 1320w\" sizes=\"(max-width: 390px) 100vw, 390px\" \/><\/a><\/p>\n<h2>Monoski and Skwal<\/h2>\n<p><a href=\"http:\/\/irondad.fr\/wordpress\/wp-content\/uploads\/2012\/10\/P1040439_small.jpg\"><img loading=\"lazy\" decoding=\"async\" class=\"alignnone size-full wp-image-1576\" src=\"http:\/\/irondad.fr\/wordpress\/wp-content\/uploads\/2012\/10\/P1040439_small.jpg\" alt=\"OLYMPUS DIGITAL CAMERA\" width=\"600\" height=\"800\" srcset=\"https:\/\/irondad.fr\/wordpress\/wp-content\/uploads\/2012\/10\/P1040439_small.jpg 600w, https:\/\/irondad.fr\/wordpress\/wp-content\/uploads\/2012\/10\/P1040439_small-225x300.jpg 225w\" sizes=\"(max-width: 600px) 100vw, 600px\" \/><\/a><\/p>\n<h2>Monoski [USA, 2011]<\/h2>\n<p><iframe loading=\"lazy\" src=\"http:\/\/www.youtube.com\/embed\/ZyAMYj7H0FA\" width=\"480\" height=\"390\" frameborder=\"0\" allowfullscreen=\"allowfullscreen\"><\/iframe><\/p>\n<h2><\/h2>\n<h2>Skwal [USA, 2009]<\/h2>\n<p><iframe loading=\"lazy\" src=\"http:\/\/www.youtube.com\/embed\/TMCuOZbKFiw\" width=\"480\" height=\"390\" frameborder=\"0\" allowfullscreen=\"allowfullscreen\"><\/iframe><\/p>\n<h2><\/h2>\n<h2><\/h2>\n<h2>Monoski, Alps [2008]<\/h2>\n<p><iframe loading=\"lazy\" src=\"http:\/\/www.youtube.com\/embed\/C3I_yy5xRDg\" width=\"480\" height=\"390\" frameborder=\"0\" allowfullscreen=\"allowfullscreen\"><\/iframe><\/p>\n","protected":false},"excerpt":{"rendered":"<p>L\u00e0, tout n&#8217;est qu&#8217;ordre et beaut\u00e9, Luxe, calme et volupt\u00e9 Monoski and Skwal Monoski [USA, 2011] Skwal [USA, 2009] Monoski, [&hellip;]<\/p>\n","protected":false},"author":1,"featured_media":0,"parent":0,"menu_order":0,"comment_status":"open","ping_status":"open","template":"","meta":{"site-sidebar-layout":"default","site-content-layout":"","ast-site-content-layout":"","site-content-style":"default","site-sidebar-style":"default","ast-global-header-display":"","ast-banner-title-visibility":"","ast-main-header-display":"","ast-hfb-above-header-display":"","ast-hfb-below-header-display":"","ast-hfb-mobile-header-display":"","site-post-title":"","ast-breadcrumbs-content":"","ast-featured-img":"","footer-sml-layout":"","theme-transparent-header-meta":"","adv-header-id-meta":"","stick-header-meta":"","header-above-stick-meta":"","header-main-stick-meta":"","header-below-stick-meta":"","astra-migrate-meta-layouts":"default","ast-page-background-enabled":"default","ast-page-background-meta":{"desktop":{"background-color":"var(--ast-global-color-4)","background-image":"","background-repeat":"repeat","background-position":"center center","background-size":"auto","background-attachment":"scroll","background-type":"","background-media":"","overlay-type":"","overlay-color":"","overlay-opacity":"","overlay-gradient":""},"tablet":{"background-color":"","background-image":"","background-repeat":"repeat","background-position":"center center","background-size":"auto","background-attachment":"scroll","background-type":"","background-media":"","overlay-type":"","overlay-color":"","overlay-opacity":"","overlay-gradient":""},"mobile":{"background-color":"","background-image":"","background-repeat":"repeat","background-position":"center center","background-size":"auto","background-attachment":"scroll","background-type":"","background-media":"","overlay-type":"","overlay-color":"","overlay-opacity":"","overlay-gradient":""}},"ast-content-background-meta":{"desktop":{"background-color":"var(--ast-global-color-5)","background-image":"","background-repeat":"repeat","background-position":"center center","background-size":"auto","background-attachment":"scroll","background-type":"","background-media":"","overlay-type":"","overlay-color":"","overlay-opacity":"","overlay-gradient":""},"tablet":{"background-color":"var(--ast-global-color-5)","background-image":"","background-repeat":"repeat","background-position":"center center","background-size":"auto","background-attachment":"scroll","background-type":"","background-media":"","overlay-type":"","overlay-color":"","overlay-opacity":"","overlay-gradient":""},"mobile":{"background-color":"var(--ast-global-color-5)","background-image":"","background-repeat":"repeat","background-position":"center center","background-size":"auto","background-attachment":"scroll","background-type":"","background-media":"","overlay-type":"","overlay-color":"","overlay-opacity":"","overlay-gradient":""}},"footnotes":""},"_links":{"self":[{"href":"https:\/\/irondad.fr\/index.php?rest_route=\/wp\/v2\/pages\/681"}],"collection":[{"href":"https:\/\/irondad.fr\/index.php?rest_route=\/wp\/v2\/pages"}],"about":[{"href":"https:\/\/irondad.fr\/index.php?rest_route=\/wp\/v2\/types\/page"}],"author":[{"embeddable":true,"href":"https:\/\/irondad.fr\/index.php?rest_route=\/wp\/v2\/users\/1"}],"replies":[{"embeddable":true,"href":"https:\/\/irondad.fr\/index.php?rest_route=%2Fwp%2Fv2%2Fcomments&post=681"}],"version-history":[{"count":7,"href":"https:\/\/irondad.fr\/index.php?rest_route=\/wp\/v2\/pages\/681\/revisions"}],"predecessor-version":[{"id":2962,"href":"https:\/\/irondad.fr\/index.php?rest_route=\/wp\/v2\/pages\/681\/revisions\/2962"}],"wp:attachment":[{"href":"https:\/\/irondad.fr\/index.php?rest_route=%2Fwp%2Fv2%2Fmedia&parent=681"}],"curies":[{"name":"wp","href":"https:\/\/api.w.org\/{rel}","templated":true}]}}