{"id":741,"date":"2012-10-07T19:39:26","date_gmt":"2012-10-07T23:39:26","guid":{"rendered":"http:\/\/irondad.fr\/?page_id=741"},"modified":"2012-10-07T19:44:44","modified_gmt":"2012-10-07T23:44:44","slug":"100-km-du-perigord-noir-belves-14-avril-2007","status":"publish","type":"page","link":"https:\/\/irondad.fr\/?page_id=741","title":{"rendered":"100 km du P\u00e9rigord Noir &#8211; Belves- 14 avril 2007"},"content":{"rendered":"<tr>\n<td><img loading=\"lazy\" decoding=\"async\" src=\"http:\/\/irondad.fr\/ma_vie\/competitions_athle\/100km_belves_2007\/Cecile_et_Ben_Velo_filtered.jpg\" width=\"400\" height=\"279\" align=\"middle\"><\/td>\n<\/tr>\n<p>\n<tr>\n<td width=\"98%\">Photo officielle de la course : prise vers le d&eacute;part, on est encore tout frais ! <\/td>\n<td width=\"2%\">&nbsp;<\/td>\n<\/tr>\n<p><p>&nbsp;<\/p>\n<tr>\n<td>\n<h2>Avant la course<\/h2>\n<p>Visite du village Belv\u00e8s, class\u00e9 dans les plus beaux villages de France. Comme c&#8217;est un village perch\u00e9, c&#8217;est tr\u00e8s joli, sauf que cela signifie que la course se terminera par deux km de mont\u00e9e assez rude, et cette perspective est plut\u00f4t inqui\u00e9tante \u00e0 la veille du d\u00e9part. <\/p>\n<p>&nbsp;<\/p>\n<\/td>\n<td><img loading=\"lazy\" decoding=\"async\" src=\"http:\/\/irondad.fr\/ma_vie\/competitions_athle\/100km_belves_2007\/P7100038001.jpg\" width=\"343\" height=\"221\"><\/td>\n<\/tr>\n<tr>\n<td>\n<p>Pr&eacute;paration du v&eacute;lo avant la course : tr&egrave;s important. Le montage du porte-bagage, les sacoches de d&eacute;cat&#8217;, et l&#8217;accessoire indispensable, la petite sacoche &agrave; l&#8217;avant pour pouvoir attrapper les barres c&eacute;r&eacute;ales en roulant ! <\/td>\n<td><img loading=\"lazy\" decoding=\"async\" src=\"http:\/\/irondad.fr\/ma_vie\/competitions_athle\/100km_belves_2007\/P7110048001.jpg\" width=\"342\" height=\"248\"><\/td>\n<\/tr>\n<p>\n<tr>\n<td><img loading=\"lazy\" decoding=\"async\" src=\"http:\/\/irondad.fr\/ma_vie\/competitions_athle\/100km_belves_2007\/P7110043001.jpg\" width=\"300\" height=\"400\"><\/td>\n<td>\n<p>Apr&egrave;s un lever &agrave; 6h du matin, un gatosport, nous voici pr&egrave;s alors que le soleil se l&egrave;ve &agrave; peine sur la place du village.Le temps semble assez pluvieux, quelques gouttes tombent, mais rien d&#8217;inqui&eacute;tant pour l&#8217;instant. <\/td>\n<\/tr>\n<p>\n<tr>\n<td>\n<p>D&eacute;part des accompagnateurs &agrave; 7h20. La polaire est encore de rigueur pour les accompagnateurs en v&eacute;lo car il fait encore assez frais, surtout dans la descente pour sortir de Belves : 40 km\/h, ce sera le plus rapide de la journ&eacute;e.<\/p>\n<p>&nbsp;<\/p>\n<p>&nbsp; <\/p>\n<\/td>\n<td><img loading=\"lazy\" decoding=\"async\" src=\"http:\/\/irondad.fr\/ma_vie\/competitions_athle\/100km_belves_2007\/P7110045001.jpg\" width=\"300\" height=\"400\"><\/td>\n<\/tr>\n<tr>\n<td><img loading=\"lazy\" decoding=\"async\" src=\"http:\/\/irondad.fr\/ma_vie\/competitions_athle\/100km_belves_2007\/depart.jpg\" width=\"334\" height=\"221\"><\/td>\n<td>8h04 L&#8217;heure du d&eacute;part : Benjamin est en premi&egrave;re ligne, encore plein d&#8217;optimisme. <\/td>\n<\/tr>\n<p>\n<tr>\n<td>Apr&egrave;s une petite heure d&#8217;attente au neuvi&egrave;me km, les accompagnateurs &agrave; v&eacute;lo voient la voiture chrono arriver, suivie du premier coureur. <\/td>\n<td><img loading=\"lazy\" decoding=\"async\" src=\"http:\/\/irondad.fr\/ma_vie\/competitions_athle\/100km_belves_2007\/P7110049001.jpg\" width=\"329\" height=\"244\"><\/td>\n<\/tr>\n<p>\n<tr>\n<td><img loading=\"lazy\" decoding=\"async\" src=\"http:\/\/irondad.fr\/ma_vie\/competitions_athle\/100km_belves_2007\/P7110058001.jpg\" width=\"300\" height=\"225\"><\/td>\n<td>\n<p>Et voici Benjamin, qui a une bonne foul&eacute;e, &agrave; environ 11km heure. L&#8217;optimisme r&egrave;gne toujours. <\/td>\n<\/tr>\n<p>\n<tr>\n<td width=\"19%\">On s&#8217;approche du 25 km, toujours &agrave; un bon rythme. L&#8217;occasion de partager les r&eacute;cits glan&eacute;s aupr&egrave;s des vieux routards qui en sont &agrave; leur n i&egrave;me 100km. <\/td>\n<td width=\"81%\"> <img loading=\"lazy\" decoding=\"async\" src=\"http:\/\/irondad.fr\/ma_vie\/competitions_athle\/100km_belves_2007\/P7110059001.jpg\" width=\"318\" height=\"239\"><\/td>\n<\/tr>\n<p>\n<tr>\n<td>\n<p><img loading=\"lazy\" decoding=\"async\" src=\"http:\/\/irondad.fr\/ma_vie\/competitions_athle\/100km_belves_2007\/P7110076.jpg\" width=\"324\" height=\"224\"><\/p>\n<\/td>\n<td>25 km : toujours une bonne foul&eacute;e, mais premi&egrave;res interrogations, sera-t-il possible de tenir ce rythme pendant 100km ? <\/td>\n<\/tr>\n<p>\n<tr>\n<td>&nbsp;<\/td>\n<\/tr>\n<p>\n<tr>\n<td>\n<p><img loading=\"lazy\" decoding=\"async\" src=\"http:\/\/irondad.fr\/ma_vie\/competitions_athle\/100km_belves_2007\/P7110078001.jpg\" width=\"243\" height=\"342\"><\/p>\n<p>&nbsp; <\/p>\n<\/td>\n<td><img loading=\"lazy\" decoding=\"async\" src=\"http:\/\/irondad.fr\/ma_vie\/competitions_athle\/100km_belves_2007\/P7110128001.jpg\" width=\"260\" height=\"344\"><\/td>\n<\/tr>\n<tr>\n<td colspan=\"2\">Les ravitaillements, sous les chateaux de la Dordogne : pain d&#8217;&eacute;pice, pates de fruits, chocolat, rillette, emmental, vache qui rit, pruneaux, figues&#8230; mais pas de fois gras au grand d&eacute;sespoir de C&eacute;cile qui aurait bien fait un d&eacute;jeuner sandwich fois gras aux figues s&egrave;ches&#8230; sniff ! Ce ne sera pas de la nourriture de ch&acirc;telains pour aujourd&#8217;hui. <\/td>\n<\/tr>\n<p>\n<tr>\n<td width=\"330\"><img loading=\"lazy\" decoding=\"async\" src=\"http:\/\/irondad.fr\/ma_vie\/competitions_athle\/100km_belves_2007\/P7110081.jpg\" width=\"329\" height=\"299\"><\/td>\n<td>\n<p>Benjamin, dans un paysage magnifique.<\/p>\n<\/td>\n<\/tr>\n<tr>\n<td width=\"330\"><img loading=\"lazy\" decoding=\"async\" src=\"http:\/\/irondad.fr\/ma_vie\/competitions_athle\/100km_belves_2007\/P7110079001.jpg\" width=\"329\" height=\"249\"><\/td>\n<td>Le soleil se l&egrave;ve, la Dordogne nous offre des vues superbes, dont Benjamin commence &agrave; avoir du mal &agrave; profiter. <\/td>\n<\/tr>\n<tr>\n<td><img loading=\"lazy\" decoding=\"async\" src=\"http:\/\/irondad.fr\/ma_vie\/competitions_athle\/100km_belves_2007\/P7110082001.jpg\" width=\"329\" height=\"236\"><\/td>\n<td>Aller Benne ! <\/td>\n<\/tr>\n<p>\n<tr>\n<td>Le panneau 40 km \ud83d\ude42 Le rythme se ralentit un peu, mais la foul&eacute;e est encore confiante. <\/td>\n<td><img loading=\"lazy\" decoding=\"async\" src=\"http:\/\/irondad.fr\/ma_vie\/competitions_athle\/100km_belves_2007\/P7110086001.jpg\" width=\"338\" height=\"225\"><\/td>\n<\/tr>\n<p>\n<tr>\n<td><img loading=\"lazy\" decoding=\"async\" src=\"http:\/\/irondad.fr\/ma_vie\/competitions_athle\/100km_belves_2007\/P7110088001.jpg\" width=\"352\" height=\"253\"><\/td>\n<td>\n<p>Le Marathon : mais cette fois, il reste encore quasiment 1 fois et demi la distance. Ce sera difficile ! <\/p>\n<\/td>\n<\/tr>\n<tr>\n<td><img loading=\"lazy\" decoding=\"async\" src=\"http:\/\/irondad.fr\/ma_vie\/competitions_athle\/100km_belves_2007\/P7110090001.jpg\" width=\"276\" height=\"355\"><\/td>\n<td>La mont&eacute;e vers Sarlat, un interminable faux plat, avec une piste cyclable dans les bois. Tr&egrave;s joli, mais sera-t-il possible de terminer ? <\/td>\n<\/tr>\n<tr>\n<td colspan=\"2\"><img loading=\"lazy\" decoding=\"async\" src=\"http:\/\/irondad.fr\/ma_vie\/competitions_athle\/100km_belves_2007\/P7110091001.jpg\" width=\"400\" height=\"300\" align=\"middle\"><\/td>\n<\/tr>\n<tr>\n<td colspan=\"2\">L&#8217;arriv&eacute;e au 50 &egrave;me km, qui respecte l&#8217;objectif initial : 50km en 5h. Mais on sait maintenant qu&#8217;il ne sera pas possible de tenir jusqu&#8217;au 100 &egrave;me km &agrave; ce rythme. A quelle heure va-t-on finir ? <\/td>\n<\/tr>\n<p><p>&nbsp;<\/p>\n<tr>\n<td>\n<p>La deuxi&egrave;me moiti&eacute; du parcours devra se faire au mental ! Mais au km 55, un petit peu de lassitude :p Benne, on a confiance en toi ! <\/p>\n<\/td>\n<td><img loading=\"lazy\" decoding=\"async\" src=\"http:\/\/irondad.fr\/ma_vie\/competitions_athle\/100km_belves_2007\/P7110095001.jpg\" width=\"400\" height=\"300\"><\/td>\n<\/tr>\n<p>\n<tr>\n<td><img loading=\"lazy\" decoding=\"async\" src=\"http:\/\/irondad.fr\/ma_vie\/competitions_athle\/100km_belves_2007\/P7110093001.jpg\" width=\"345\" height=\"244\"><\/td>\n<td>Ce n&#8217;est pas grave, on se reprend avec une belle foul&eacute;e ! <\/td>\n<\/tr>\n<p>\n<tr>\n<td><img loading=\"lazy\" decoding=\"async\" src=\"http:\/\/irondad.fr\/ma_vie\/competitions_athle\/100km_belves_2007\/P7110120001.jpg\" width=\"266\" height=\"355\"><\/td>\n<td>\n<p>Il commence &agrave; faire chaud, C&eacute;cile se passe de sa veste fushia. Pourvu qu&#8217;il ne fasse pas trop chaud, m&ecirc;me si on est content d&#8217;avoir &eacute;vit&eacute; la pluie. <\/td>\n<\/tr>\n<p>\n<tr>\n<td>\n<p>&nbsp;<\/p>\n<p><img loading=\"lazy\" decoding=\"async\" src=\"http:\/\/irondad.fr\/ma_vie\/competitions_athle\/100km_belves_2007\/P7110100001.jpg\" width=\"400\" height=\"300\"><\/p>\n<\/td>\n<\/tr>\n<p>\n<tr>\n<td><img loading=\"lazy\" decoding=\"async\" src=\"http:\/\/irondad.fr\/ma_vie\/competitions_athle\/100km_belves_2007\/P7110101001.jpg\" width=\"313\" height=\"223\"><\/td>\n<td>\n<p>km 65 : ce panneau s&#8217;est fait m&eacute;riter ! <\/td>\n<\/tr>\n<p>\n<tr>\n<td>Avec la casquette de l&#8217;Ironman, on ne peut pas abandonner ! <\/td>\n<td>\n<p><img loading=\"lazy\" decoding=\"async\" src=\"http:\/\/irondad.fr\/ma_vie\/competitions_athle\/100km_belves_2007\/P7110102001.jpg\" width=\"262\" height=\"364\"><\/p>\n<\/td>\n<\/tr>\n<p>\n<tr>\n<td>\n<p><img loading=\"lazy\" decoding=\"async\" src=\"http:\/\/irondad.fr\/ma_vie\/competitions_athle\/100km_belves_2007\/P7110103001.jpg\" width=\"370\" height=\"279\"><\/p>\n<p>&nbsp;<\/p>\n<\/td>\n<td>Et les paysages nous emp&ecirc;chent de regretter d&#8217;avoir choisi cette &eacute;preuve ! <\/td>\n<\/tr>\n<p>\n<tr>\n<td>\n<p>C&#8217;est Benjamin, sur la photo (de dos, en tout petit) : en homme solitaire qui affronte l&#8217;inconnu :p<\/p>\n<p>&nbsp;<\/p>\n<p>Courage Ironbenne (citation de Marcel par SMS) <\/p>\n<\/td>\n<td>\n<p><img loading=\"lazy\" decoding=\"async\" src=\"http:\/\/irondad.fr\/ma_vie\/competitions_athle\/100km_belves_2007\/P7110107001.jpg\" width=\"366\" height=\"263\"> <\/p>\n<\/td>\n<\/tr>\n<p>\n<tr>\n<td><img loading=\"lazy\" decoding=\"async\" src=\"http:\/\/irondad.fr\/ma_vie\/competitions_athle\/100km_belves_2007\/P7110112001.jpg\" width=\"352\" height=\"427\"><\/td>\n<\/tr>\n<tr>\n<td>\n<p>Jolie photo d&#8217;un chateau derri&egrave;re un arbre, par C&eacute;cile qui a d&eacute;cid&eacute;ment du temps pour admirer les paysages. <\/td>\n<\/tr>\n<p>\n<tr>\n<td><img loading=\"lazy\" decoding=\"async\" src=\"http:\/\/irondad.fr\/ma_vie\/competitions_athle\/100km_belves_2007\/P7110113001.jpg\" width=\"306\" height=\"246\"><\/td>\n<td>km 80 : Il aura &eacute;t&eacute; durement m&eacute;rit&eacute;. A ce stade, ce n&#8217;est plus possible d&#8217;abandonner. <\/td>\n<\/tr>\n<p>\n<tr>\n<td>\n<p>Aller Benne, il faut courir ! <\/p>\n<p>&nbsp;<\/p>\n<\/td>\n<td><img loading=\"lazy\" decoding=\"async\" src=\"http:\/\/irondad.fr\/ma_vie\/competitions_athle\/100km_belves_2007\/P7110114001.jpg\" width=\"337\" height=\"237\"><\/td>\n<\/tr>\n<p>\n<tr>\n<td><img loading=\"lazy\" decoding=\"async\" src=\"http:\/\/irondad.fr\/ma_vie\/competitions_athle\/100km_belves_2007\/P7110116001.jpg\" width=\"306\" height=\"229\"><\/td>\n<td>\n<p>km 85, l&#8217;&eacute;nergie est revenue : cette course se finira ! <\/td>\n<\/tr>\n<p>\n<tr>\n<td>Et C&eacute;cile a gard&eacute; le sourire, pour encourager Benne ! Le resto est r&eacute;serv&eacute; &agrave; 21 h, on ne peut pas rentrer trop tard, il faut donc finir, et &agrave; un bon rythme.<\/td>\n<td>\n<p><img loading=\"lazy\" decoding=\"async\" src=\"http:\/\/irondad.fr\/ma_vie\/competitions_athle\/100km_belves_2007\/P7110121001.jpg\" width=\"265\" height=\"377\"><\/p>\n<\/td>\n<\/tr>\n<p>\n<tr>\n<td>\n<p><img loading=\"lazy\" decoding=\"async\" src=\"http:\/\/irondad.fr\/ma_vie\/competitions_athle\/100km_belves_2007\/P7110123001.jpg\" width=\"293\" height=\"229\"><\/p>\n<p>&nbsp;<\/p>\n<\/td>\n<td>Ce panneau fait plus plaisir que tous ceux d&#8217;avant. 90 km, c&#8217;est bient&ocirc;t la fin ! <\/td>\n<\/tr>\n<p>\n<tr>\n<td>Un petit ravitaillement avant de repartir, c&#8217;est l&#8217;heure de s&#8217;asperger d&#8217;eau. C&#8217;est le mental, pas les jambes qui d&eacute;cide ! <\/td>\n<td>\n<p><img loading=\"lazy\" decoding=\"async\" src=\"http:\/\/irondad.fr\/ma_vie\/competitions_athle\/100km_belves_2007\/P7110127001.jpg\" width=\"270\" height=\"364\"> <\/p>\n<\/td>\n<\/tr>\n<p>\n<tr>\n<td><img loading=\"lazy\" decoding=\"async\" src=\"http:\/\/irondad.fr\/ma_vie\/competitions_athle\/100km_belves_2007\/P7110141001.jpg\" width=\"287\" height=\"213\"><\/td>\n<td>C&#8217;est bon, il ne reste que 3 km. Benne pourra-t-il encore courrir ? <\/td>\n<\/tr>\n<p>\n<tr>\n<td>\n<p>Dernier km, dans la mont&eacute;e. C&#8217;est dur pour le courreur et son accompagnatrice <\/p>\n<p>&nbsp;<\/p>\n<\/td>\n<td><img loading=\"lazy\" decoding=\"async\" src=\"http:\/\/irondad.fr\/ma_vie\/competitions_athle\/100km_belves_2007\/P7110145001.jpg\" width=\"341\" height=\"219\"><\/td>\n<\/tr>\n<p>\n<tr>\n<td>\n<p><img loading=\"lazy\" decoding=\"async\" src=\"http:\/\/irondad.fr\/ma_vie\/competitions_athle\/100km_belves_2007\/P7110146001.jpg\" width=\"400\" height=\"300\"><\/p>\n<p>&nbsp;<\/p>\n<\/td>\n<td>Incroyable, Benjamin trouve l&#8217;&eacute;nergie de courir dans la derni&egrave;re mont&eacute;e ! C&eacute;cile doit faire de gros efforts pour le suivre ! <\/td>\n<\/tr>\n<p>\n<tr>\n<td>\n<p>&nbsp;<\/p>\n<p><img loading=\"lazy\" decoding=\"async\" src=\"http:\/\/irondad.fr\/ma_vie\/competitions_athle\/100km_belves_2007\/P7110149001.jpg\" width=\"374\" height=\"283\"><\/p>\n<\/td>\n<td>Il l&#8217;a fait, en 12h10 minutes. Allez, Benne, l&#8217;Ironman cent bornards ! <\/td>\n<\/tr>\n<p>\n<tr>\n<td>Et apr&egrave;s l&#8217;effort, le r&eacute;confort ! Pourquoi se priver des soins de deux jeunes filles qui se proposent gentiment de s&#8217;occuper d&#8217;un des Benjamin de l&#8217;&eacute;preuve \ud83d\ude42<\/p>\n<p>&nbsp;<\/p>\n<\/td>\n<td><img loading=\"lazy\" decoding=\"async\" src=\"http:\/\/irondad.fr\/ma_vie\/competitions_athle\/100km_belves_2007\/P7110151001.jpg\" width=\"338\" height=\"260\"><\/td>\n<\/tr>\n<p>\n","protected":false},"excerpt":{"rendered":"<p>Photo officielle de la course : prise vers le d&eacute;part, on est encore tout frais ! &nbsp; &nbsp; Avant la [&hellip;]<\/p>\n","protected":false},"author":1,"featured_media":0,"parent":715,"menu_order":0,"comment_status":"open","ping_status":"open","template":"","meta":{"site-sidebar-layout":"default","site-content-layout":"","ast-site-content-layout":"","site-content-style":"default","site-sidebar-style":"default","ast-global-header-display":"","ast-banner-title-visibility":"","ast-main-header-display":"","ast-hfb-above-header-display":"","ast-hfb-below-header-display":"","ast-hfb-mobile-header-display":"","site-post-title":"","ast-breadcrumbs-content":"","ast-featured-img":"","footer-sml-layout":"","theme-transparent-header-meta":"","adv-header-id-meta":"","stick-header-meta":"","header-above-stick-meta":"","header-main-stick-meta":"","header-below-stick-meta":"","astra-migrate-meta-layouts":"default","ast-page-background-enabled":"default","ast-page-background-meta":{"desktop":{"background-color":"var(--ast-global-color-4)","background-image":"","background-repeat":"repeat","background-position":"center center","background-size":"auto","background-attachment":"scroll","background-type":"","background-media":"","overlay-type":"","overlay-color":"","overlay-opacity":"","overlay-gradient":""},"tablet":{"background-color":"","background-image":"","background-repeat":"repeat","background-position":"center center","background-size":"auto","background-attachment":"scroll","background-type":"","background-media":"","overlay-type":"","overlay-color":"","overlay-opacity":"","overlay-gradient":""},"mobile":{"background-color":"","background-image":"","background-repeat":"repeat","background-position":"center center","background-size":"auto","background-attachment":"scroll","background-type":"","background-media":"","overlay-type":"","overlay-color":"","overlay-opacity":"","overlay-gradient":""}},"ast-content-background-meta":{"desktop":{"background-color":"var(--ast-global-color-5)","background-image":"","background-repeat":"repeat","background-position":"center center","background-size":"auto","background-attachment":"scroll","background-type":"","background-media":"","overlay-type":"","overlay-color":"","overlay-opacity":"","overlay-gradient":""},"tablet":{"background-color":"var(--ast-global-color-5)","background-image":"","background-repeat":"repeat","background-position":"center center","background-size":"auto","background-attachment":"scroll","background-type":"","background-media":"","overlay-type":"","overlay-color":"","overlay-opacity":"","overlay-gradient":""},"mobile":{"background-color":"var(--ast-global-color-5)","background-image":"","background-repeat":"repeat","background-position":"center center","background-size":"auto","background-attachment":"scroll","background-type":"","background-media":"","overlay-type":"","overlay-color":"","overlay-opacity":"","overlay-gradient":""}},"footnotes":""},"_links":{"self":[{"href":"https:\/\/irondad.fr\/index.php?rest_route=\/wp\/v2\/pages\/741"}],"collection":[{"href":"https:\/\/irondad.fr\/index.php?rest_route=\/wp\/v2\/pages"}],"about":[{"href":"https:\/\/irondad.fr\/index.php?rest_route=\/wp\/v2\/types\/page"}],"author":[{"embeddable":true,"href":"https:\/\/irondad.fr\/index.php?rest_route=\/wp\/v2\/users\/1"}],"replies":[{"embeddable":true,"href":"https:\/\/irondad.fr\/index.php?rest_route=%2Fwp%2Fv2%2Fcomments&post=741"}],"version-history":[{"count":7,"href":"https:\/\/irondad.fr\/index.php?rest_route=\/wp\/v2\/pages\/741\/revisions"}],"predecessor-version":[{"id":752,"href":"https:\/\/irondad.fr\/index.php?rest_route=\/wp\/v2\/pages\/741\/revisions\/752"}],"up":[{"embeddable":true,"href":"https:\/\/irondad.fr\/index.php?rest_route=\/wp\/v2\/pages\/715"}],"wp:attachment":[{"href":"https:\/\/irondad.fr\/index.php?rest_route=%2Fwp%2Fv2%2Fmedia&parent=741"}],"curies":[{"name":"wp","href":"https:\/\/api.w.org\/{rel}","templated":true}]}}